{"id":1471,"date":"2023-10-23T11:08:43","date_gmt":"2023-10-23T15:08:43","guid":{"rendered":"https:\/\/omnict.mydev.ca\/our-partners\/"},"modified":"2023-10-27T12:28:28","modified_gmt":"2023-10-27T16:28:28","slug":"nos-partenaires","status":"publish","type":"page","link":"https:\/\/omnict.mydev.ca\/fr\/nos-partenaires\/","title":{"rendered":"Nos partenaires"},"content":{"rendered":"\r\n<div  data-blockid=\"block-6a01e8edb0a3d\" class=\"acf-wp-block panel-block acf-wp-block-parent-container page-banner fixed-height acf-wp-block-page-banner-single-image is-frontend-view  \" style=\" margin-bottom: var(--wp--preset--spacing--medium);\">\r\n\r\n      <div class=\"banner-row grid-breakout-container\">\r\n          <div class=\"banner-column column-media\">\r\n            <div class=\"slanted-edge-container media-container has-single-media has-media-type-image\">\r\n\r\n                              <!--single image container-->\r\n                <div class=\"single-image\">\r\n                  <img decoding=\"async\" src=\"https:\/\/omnict.mydev.ca\/wp-content\/uploads\/2023\/08\/0eca7195e28816d6f0901b8aaafd6287-600.jpg\" alt=\"\">\r\n                <\/div>\r\n                <!--END: single image container-->\r\n                          <\/div>\r\n\r\n            <!--angled shape container-->\r\n            <div class=\"angled-shape-image-container\">\r\n              <img decoding=\"async\" src=\"https:\/\/omnict.mydev.ca\/wp-content\/themes\/omni\/images\/patterns\/angled-shapes-outline--green.png\" alt=\"\">\r\n            <\/div>\r\n            <!--END: angled shape container-->\r\n          <\/div>\r\n\r\n          <div class=\"banner-column column-entry\">\r\n                          <div class=\"banner-header\">\r\n                <h1 class=\"banner-title my-0 is-uppercase\">Nos partenaires<\/h1>\r\n              <\/div>\r\n            \r\n            <div class=\"banner-content has-innerblocks\">\r\n              <div class=\"innerblocks-wrapper\">\r\n                <div class=\"acf-innerblocks-container\">\n\n<p>Ne vous contentez pas de nous croire sur parole. La technologie d\u2019OMNI est adopt\u00e9e par des experts de premier plan dans le domaine du changement climatique, des technologies d\u2019investissement et de l\u2019ing\u00e9nierie des infrastructures. D\u00e9couvrez nos clients, partenaires et fournisseurs qui contribuent \u00e0 faire d\u2019un avenir sans d\u00e9chets une r\u00e9alit\u00e9.<\/p>\n\n<\/div>\r\n              <\/div>\r\n            <\/div>\r\n            <!--<a href=\"#first\" class=\"banner-scroll-down-button\"><span class=\"sr\">Scroll Down<\/span><\/a>-->\r\n          <\/div>\r\n        <\/div>\r\n\r\n<\/div>\r\n\n\n\n<div  data-blockid=\"block-6a01e8edc0c80\" class=\"acf-wp-block panel-block acf-wp-block-parent-container acf-wp-block-section-group is-frontend-view   \" style=\"   margin-bottom: var(--wp--preset--spacing--medium);\">\n\n    <div class=\"inner-container\">\n  \n        <div class=\"has-innerblocks\">\n          <div class=\"innerblocks-wrapper\" style=\"--wp--custom--blocks--innerblocks--block-gap--vertical: var(--wp--preset--spacing--small);\">\n            <div class=\"acf-innerblocks-container\">\n\n<div class=\"wp-block-group is-layout-flow wp-block-group-is-layout-flow\">\n<h2 class=\"wp-block-heading has-text-align-center is-style-wp-block-heading-h3\" style=\"margin-bottom:2rem\">Partenaires strat\u00e9giques<\/h2>\n\n\n\r\n<div  data-blockid=\"block-6a01e8edb3e89\" class=\"acf-wp-block acf-wp-block-logo-gallery is-frontend-view flex-layout flex-justify-content-center   \"\r\r\n  style=\"   \">\r\r\n\r\r\n  \r\n          \r\n              <div class=\"logo-item\">\r\r\n                \r\n                  <a href=\"https:\/\/enerwasteasiapacific.com\/\" target=\"_blank\">\r\r\n                \r\n                <img decoding=\"async\" src=\"https:\/\/omnict.mydev.ca\/wp-content\/uploads\/2023\/10\/EnerWaste_Logo_FINAL-Chinese-v2.png\" alt=\"\" \/>\r\r\n                \r\n                <\/a>\r\r\n                \r\n              <\/div>\r\r\n          \r\n              <div class=\"logo-item\">\r\r\n                \r\n                  <a href=\"https:\/\/hcycle.com\/\" target=\"_blank\">\r\r\n                \r\n                <img decoding=\"async\" src=\"https:\/\/omnict.mydev.ca\/wp-content\/uploads\/2023\/10\/h-cycle-logo.png\" alt=\"\" \/>\r\r\n                \r\n                <\/a>\r\r\n                \r\n              <\/div>\r\r\n          \r\n  \r\n\r\r\n<\/div>\r\r\n\n\n\n<div style=\"height:50px\" aria-hidden=\"true\" class=\"wp-block-spacer\"><\/div>\n<\/div>\n\n\n\n<div class=\"wp-block-group is-layout-flow wp-block-group-is-layout-flow\">\n<h2 class=\"wp-block-heading has-text-align-center is-style-wp-block-heading-h3\" style=\"margin-bottom:2rem\"><strong>Partenaires technologiques<\/strong><\/h2>\n\n\n\r\n<div  data-blockid=\"block-6a01e8edbafef\" class=\"acf-wp-block acf-wp-block-logo-gallery is-frontend-view flex-layout flex-justify-content-center   \"\r\r\n  style=\"   \">\r\r\n\r\r\n  \r\n          \r\n              <div class=\"logo-item\">\r\r\n                \r\n                  <a href=\"https:\/\/www.kpe.com\/\" target=\"_blank\">\r\r\n                \r\n                <img decoding=\"async\" src=\"https:\/\/omnict.mydev.ca\/wp-content\/uploads\/2023\/10\/kpe-engineering-logo-v2.png\" alt=\"\" \/>\r\r\n                \r\n                <\/a>\r\r\n                \r\n              <\/div>\r\r\n          \r\n              <div class=\"logo-item\">\r\r\n                \r\n                  <a href=\"https:\/\/www.expanderenergy.com\/\" target=\"_blank\">\r\r\n                \r\n                <img decoding=\"async\" src=\"https:\/\/omnict.mydev.ca\/wp-content\/uploads\/2023\/10\/Expander-Energy-Logo-v2.png\" alt=\"\" \/>\r\r\n                \r\n                <\/a>\r\r\n                \r\n              <\/div>\r\r\n          \r\n              <div class=\"logo-item\">\r\r\n                \r\n                  <a href=\"https:\/\/www.woodplc.com\/\" target=\"_blank\">\r\r\n                \r\n                <img decoding=\"async\" src=\"https:\/\/omnict.mydev.ca\/wp-content\/uploads\/2023\/10\/wood-logo-v3.png\" alt=\"\" \/>\r\r\n                \r\n                <\/a>\r\r\n                \r\n              <\/div>\r\r\n          \r\n  \r\n\r\r\n<\/div>\r\r\n\n\n\n<div style=\"height:50px\" aria-hidden=\"true\" class=\"wp-block-spacer\"><\/div>\n<\/div>\n\n\n\n<div class=\"wp-block-group is-layout-flow wp-block-group-is-layout-flow\">\n<h2 class=\"wp-block-heading has-text-align-center is-style-wp-block-heading-h3\" style=\"margin-bottom:2rem\"><strong><strong><strong>Clients (FEED 2023)<\/strong><\/strong><\/strong><\/h2>\n\n\n\r\n<div  data-blockid=\"block-6a01e8edbe559\" class=\"acf-wp-block acf-wp-block-logo-gallery is-frontend-view flex-layout flex-justify-content-center   \"\r\r\n  style=\"   \">\r\r\n\r\r\n  \r\n          \r\n              <div class=\"logo-item\">\r\r\n                \r\n                  <a href=\"https:\/\/llccf.org\/\" target=\"_blank\">\r\r\n                \r\n                <img decoding=\"async\" src=\"https:\/\/omnict.mydev.ca\/wp-content\/uploads\/2023\/10\/llccf-logo.jpg\" alt=\"\" \/>\r\r\n                \r\n                <\/a>\r\r\n                \r\n              <\/div>\r\r\n          \r\n              <div class=\"logo-item\">\r\r\n                \r\n                  <a href=\"https:\/\/www.greenipi.com\/\" target=\"_blank\">\r\r\n                \r\n                <img decoding=\"async\" src=\"https:\/\/omnict.mydev.ca\/wp-content\/uploads\/2023\/10\/gip-primary-green-rgb.png\" alt=\"\" \/>\r\r\n                \r\n                <\/a>\r\r\n                \r\n              <\/div>\r\r\n          \r\n              <div class=\"logo-item\">\r\r\n                \r\n                  <a href=\"https:\/\/circularsyntech.com\/cst-new-madrid\" target=\"_blank\">\r\r\n                \r\n                <img decoding=\"async\" src=\"https:\/\/omnict.mydev.ca\/wp-content\/uploads\/2023\/10\/cst-new-madrid-v4.png\" alt=\"\" \/>\r\r\n                \r\n                <\/a>\r\r\n                \r\n              <\/div>\r\r\n          \r\n  \r\n\r\r\n<\/div>\r\r\n\n\n\n<div style=\"height:50px\" aria-hidden=\"true\" class=\"wp-block-spacer\"><\/div>\n<\/div>\n\n\n\n<div class=\"wp-block-group is-layout-flow wp-block-group-is-layout-flow\">\n<h2 class=\"wp-block-heading has-text-align-center is-style-wp-block-heading-h3\" style=\"margin-bottom:2rem\"><strong><strong><strong><strong><strong><strong>Fournisseurs strat\u00e9giques<\/strong><\/strong><\/strong><\/strong><\/strong><\/strong><\/h2>\n\n\n\r\n<div  data-blockid=\"block-6a01e8edbf7a2\" class=\"acf-wp-block acf-wp-block-logo-gallery is-frontend-view flex-layout flex-justify-content-center   \"\r\r\n  style=\"   \">\r\r\n\r\r\n  \r\n          \r\n              <div class=\"logo-item\">\r\r\n                \r\n                  <a href=\"https:\/\/www.thyssenkrupp.com\/en\/home\" target=\"_blank\">\r\r\n                \r\n                <img decoding=\"async\" src=\"https:\/\/omnict.mydev.ca\/wp-content\/uploads\/2023\/10\/thyssenkrup-v2.png\" alt=\"\" \/>\r\r\n                \r\n                <\/a>\r\r\n                \r\n              <\/div>\r\r\n          \r\n              <div class=\"logo-item\">\r\r\n                \r\n                  <a href=\"https:\/\/www.lindeus.com\/services\/industrial-gas-supply-and-management\/small-onsite-production\/vpsa-oxygen\" target=\"_blank\">\r\r\n                \r\n                <img decoding=\"async\" src=\"https:\/\/omnict.mydev.ca\/wp-content\/uploads\/2023\/10\/Linde_plc_logo.jpg\" alt=\"\" \/>\r\r\n                \r\n                <\/a>\r\r\n                \r\n              <\/div>\r\r\n          \r\n              <div class=\"logo-item\">\r\r\n                \r\n                  <a href=\"https:\/\/macrotek.com\/\" target=\"_blank\">\r\r\n                \r\n                <img decoding=\"async\" src=\"https:\/\/omnict.mydev.ca\/wp-content\/uploads\/2023\/10\/Macrotek-logopng.png\" alt=\"\" \/>\r\r\n                \r\n                <\/a>\r\r\n                \r\n              <\/div>\r\r\n          \r\n              <div class=\"logo-item\">\r\r\n                \r\n                  <a href=\"https:\/\/www.cuel.co.th\/\" target=\"_blank\">\r\r\n                \r\n                <img decoding=\"async\" src=\"https:\/\/omnict.mydev.ca\/wp-content\/uploads\/2023\/10\/cuel-logo.png\" alt=\"\" \/>\r\r\n                \r\n                <\/a>\r\r\n                \r\n              <\/div>\r\r\n          \r\n  \r\n\r\r\n<\/div>\r\r\n\n\n\n<div style=\"height:50px\" aria-hidden=\"true\" class=\"wp-block-spacer\"><\/div>\n<\/div>\n\n<\/div>\n          <\/div>\n        <\/div>\n\n\n        <\/div>\n    \n<\/div>\n\n\n\r\n\r\r\n<div  data-blockid=\"block-6a01e8edc6149\" class=\"acf-wp-block panel-block acf-wp-block-parent-container  acf-wp-block-testimonial-slider is-frontend-view   \"\r\r\n  style=\" margin-bottom: var(--wp--preset--spacing--small); padding-top:100px; padding-bottom:100px;\">\r\r\n\r\r\n    \r\n      <div class=\"inner-container\">\r\r\n        <div class=\"section-heading\">\r\r\n          <h2 class=\"mt-0 has-text-align-center \">Ce que disent les experts \u00e0 propos d\u2019OMNI<\/h2>\r\r\n        <\/div>\r\r\n      <\/div>\r\r\n    \r\n\r\r\n\r\r\n    \r\n  <div class=\"inner-container\">\r\r\n  <div class=\"slider-container slider-testimonial-container\">\r\r\n\r\r\n\r\n\r\r\n<div class=\"slider-item slider-item-1470 \">\r\r\n    <div class=\"post-entry-container\">\r\r\n      \r\n          <figure class=\"client-company-logo my-0\">\r\r\n            <img decoding=\"async\" src=\"https:\/\/omnict.mydev.ca\/wp-content\/uploads\/2023\/10\/china-huanqiu-contracting-and-engineering.jpg\" alt=\"\" \/>\r\r\n          <\/figure>\r\r\n      \r\n\r\r\n      \r\n\r\r\n\r\r\n      <div class=\"client-quote-container has-text-align-center mb-5 mt-5\">\r\r\n        <p>\u00ab La technologie OMNI GPRS est mature et pr\u00eate pour une application commerciale. \u00bb<\/p>\n\r\n      <\/div>\r\r\n\r\r\n      \r\n\r\r\n\r\r\n      \r\n        <p class=\"client-additionalInfo has-text-align-center has-text-weight is-medium mt-0 my-0\">Source : Rapport d&rsquo;examen de la technologie OMNI (2021)<\/p>\r\r\n      \r\n\r\r\n\r\r\n  <\/div>\r\r\n\r\r\n<\/div>\r\r\n\r\n\r\r\n<div class=\"slider-item slider-item-1466 \">\r\r\n    <div class=\"post-entry-container\">\r\r\n      \r\n\r\r\n      \r\n      <figure class=\"client-headshot my-0 image-circle ratio-1x1\">\r\r\n        <img decoding=\"async\" src=\"https:\/\/omnict.mydev.ca\/wp-content\/uploads\/2023\/10\/Chris-Larsen-headshot.jpg\" alt=\"\">\r\r\n      <\/figure>\r\r\n      \r\n\r\r\n\r\r\n      <div class=\"client-quote-container has-text-align-center mb-5 mt-5\">\r\r\n        <p>\u00ab OMNI CT a cr\u00e9\u00e9 un produit unique en son genre qui peut avoir un impact mondial et imm\u00e9diat. \u00bb<\/p>\n\r\n      <\/div>\r\r\n\r\r\n      \r\n        <div class=\"client-info-container\">\r\r\n          \r\n            <h3 class=\"client-name has-text-align-center\">Chris Larsen<\/h3>\r\r\n          \r\n\r\r\n          \r\n            <p class=\"client-job-title has-text-align-center is-italic\">Fondateur, Larsen Lam Climate Change Foundation<\/p>\r\r\n          \r\n        <\/div>\r\r\n      \r\n\r\r\n\r\r\n      \r\n\r\r\n\r\r\n  <\/div>\r\r\n\r\r\n<\/div>\r\r\n\r\n\r\r\n<div class=\"slider-item slider-item-1467 \">\r\r\n    <div class=\"post-entry-container\">\r\r\n      \r\n\r\r\n      \r\n      <figure class=\"client-headshot my-0 image-circle ratio-1x1\">\r\r\n        <img decoding=\"async\" src=\"https:\/\/omnict.mydev.ca\/wp-content\/uploads\/2023\/10\/Michael-Harrelson-headshot.jpg\" alt=\"\">\r\r\n      <\/figure>\r\r\n      \r\n\r\r\n\r\r\n      <div class=\"client-quote-container has-text-align-center mb-5 mt-5\">\r\r\n        <p>\u00ab Le syst\u00e8me Omni200 fait des cha\u00eenes d\u2019approvisionnement circulaires instantan\u00e9ment impactantes, rentables et respectueuses de l\u2019environnement une r\u00e9alit\u00e9 pour les industries de l\u2019\u00e9nergie et des produits chimiques. \u00bb<\/p>\n\r\n      <\/div>\r\r\n\r\r\n      \r\n        <div class=\"client-info-container\">\r\r\n          \r\n            <h3 class=\"client-name has-text-align-center\">Michael Harrelson<\/h3>\r\r\n          \r\n\r\r\n          \r\n            <p class=\"client-job-title has-text-align-center is-italic\">COO, Circular SynTech<\/p>\r\r\n          \r\n        <\/div>\r\r\n      \r\n\r\r\n\r\r\n      \r\n\r\r\n\r\r\n  <\/div>\r\r\n\r\r\n<\/div>\r\r\n\r\n\r\r\n<div class=\"slider-item slider-item-1465 \">\r\r\n    <div class=\"post-entry-container\">\r\r\n      \r\n\r\r\n      \r\n      <figure class=\"client-headshot my-0 image-circle ratio-1x1\">\r\r\n        <img decoding=\"async\" src=\"https:\/\/omnict.mydev.ca\/wp-content\/uploads\/2023\/10\/Daniel-M.-Kammen-headshot.jpg\" alt=\"\">\r\r\n      <\/figure>\r\r\n      \r\n\r\r\n\r\r\n      <div class=\"client-quote-container has-text-align-center mb-5 mt-5\">\r\r\n        <p>\u00ab OMNI CT est pr\u00eat \u00e0 faciliter les changements massifs n\u00e9cessaires pour lutter contre la crise climatique. \u00bb<\/p>\n\r\n      <\/div>\r\r\n\r\r\n      \r\n        <div class=\"client-info-container\">\r\r\n          \r\n            <h3 class=\"client-name has-text-align-center\">Dr. Daniel M. Kammen<\/h3>\r\r\n          \r\n\r\r\n          \r\n            <p class=\"client-job-title has-text-align-center is-italic\">Professeur d&rsquo;\u00e9nergie \u00e0 Berkeley<\/p>\r\r\n          \r\n        <\/div>\r\r\n      \r\n\r\r\n\r\r\n      \r\n\r\r\n\r\r\n  <\/div>\r\r\n\r\r\n<\/div>\r\r\n\r\n\r\r\n<div class=\"slider-item slider-item-1468 \">\r\r\n    <div class=\"post-entry-container\">\r\r\n      \r\n          <figure class=\"client-company-logo my-0\">\r\r\n            <img decoding=\"async\" src=\"https:\/\/omnict.mydev.ca\/wp-content\/uploads\/2023\/10\/63fd313391e7faf6d3f04759_BV-Logo-cropped.png\" alt=\"\" \/>\r\r\n          <\/figure>\r\r\n      \r\n\r\r\n      \r\n\r\r\n\r\r\n      <div class=\"client-quote-container has-text-align-center mb-5 mt-5\">\r\r\n        <p>\u00ab Le TRL (Technology Readiness Level) pour l&rsquo;ensemble de l&rsquo;usine atteint le niveau 8 ou 91. \u00bb<\/p>\n<p class=\"has-medium-font-size\">1. TRL 8 d\u00e9signe une technologie achev\u00e9e et qualifi\u00e9e par des tests et des d\u00e9monstrations ; TRL 9 d\u00e9signe une technologie \u00e0 usage commercial.<\/p>\n\r\n      <\/div>\r\r\n\r\r\n      \r\n\r\r\n\r\r\n      \r\n        <p class=\"client-additionalInfo has-text-align-center has-text-weight is-medium mt-0 my-0\">Source : \u00c9valuation du niveau de maturit\u00e9 technologique Omni200 (2017)<\/p>\r\r\n      \r\n\r\r\n\r\r\n  <\/div>\r\r\n\r\r\n<\/div>\r\r\n\r\n<\/div>\r\r\n<\/div>\r\r\n  \r\n\r\r\n\r\r\n\r\r\n\r\r\n<\/div>\r\r\n","protected":false},"excerpt":{"rendered":"<p>Ne vous contentez pas de nous croire sur parole. La technologie d\u2019OMNI est adopt\u00e9e par des experts de premier plan dans le domaine du changement climatique, des technologies d\u2019investissement et de l\u2019ing\u00e9nierie des infrastructures. <\/p>\n","protected":false},"author":1,"featured_media":317,"parent":0,"menu_order":0,"comment_status":"closed","ping_status":"closed","template":"","meta":{"_acf_changed":false,"footnotes":""},"class_list":["post-1471","page","type-page","status-publish","has-post-thumbnail","hentry"],"acf":[],"_links":{"self":[{"href":"https:\/\/omnict.mydev.ca\/fr\/wp-json\/wp\/v2\/pages\/1471","targetHints":{"allow":["GET"]}}],"collection":[{"href":"https:\/\/omnict.mydev.ca\/fr\/wp-json\/wp\/v2\/pages"}],"about":[{"href":"https:\/\/omnict.mydev.ca\/fr\/wp-json\/wp\/v2\/types\/page"}],"author":[{"embeddable":true,"href":"https:\/\/omnict.mydev.ca\/fr\/wp-json\/wp\/v2\/users\/1"}],"replies":[{"embeddable":true,"href":"https:\/\/omnict.mydev.ca\/fr\/wp-json\/wp\/v2\/comments?post=1471"}],"version-history":[{"count":5,"href":"https:\/\/omnict.mydev.ca\/fr\/wp-json\/wp\/v2\/pages\/1471\/revisions"}],"predecessor-version":[{"id":1478,"href":"https:\/\/omnict.mydev.ca\/fr\/wp-json\/wp\/v2\/pages\/1471\/revisions\/1478"}],"wp:featuredmedia":[{"embeddable":true,"href":"https:\/\/omnict.mydev.ca\/fr\/wp-json\/wp\/v2\/media\/317"}],"wp:attachment":[{"href":"https:\/\/omnict.mydev.ca\/fr\/wp-json\/wp\/v2\/media?parent=1471"}],"curies":[{"name":"wp","href":"https:\/\/api.w.org\/{rel}","templated":true}]}}